{"id":2905,"date":"2024-02-29T16:59:52","date_gmt":"2024-02-29T15:59:52","guid":{"rendered":"https:\/\/www.cordiola.fr\/nos-produits\/belt-for-black-savarez-hurdy-gurdy\/"},"modified":"2026-01-29T15:28:48","modified_gmt":"2026-01-29T14:28:48","slug":"belt-for-black-savarez-hurdy-gurdy","status":"publish","type":"product","link":"https:\/\/www.cordiola.fr\/en\/nos-produits\/belt-for-black-savarez-hurdy-gurdy\/","title":{"rendered":"Belt for black Savarez hurdy-gurdy"},"content":{"rendered":"","protected":false},"excerpt":{"rendered":"<p>Discover the black nylon hurdy-gurdy strap with elegant black leather ends, proudly bearing the Savarez insignia.<br \/>\nMeticulously crafted by Dr\u00f4me artisan Patrick Bl\u00e9s\u00e8s, this strap embodies the essence of French art.<br \/>\nDesigned to combine durability and flexibility, this 5cm wide strap adjusts fluidly from 80cm to 134cm, adapting to musicians of all sizes and preferences. Whether you&#8217;re a seasoned artist or a budding enthusiast, rest assured that your instrument will be held securely and elegantly.<\/p>\n","protected":false},"featured_media":2726,"template":"","meta":[],"product_brand":[],"product_cat":[70],"product_tag":[],"class_list":{"0":"post-2905","1":"product","2":"type-product","3":"status-publish","4":"has-post-thumbnail","6":"product_cat-belt-for-hurdy-gurdy","8":"first","9":"instock","10":"taxable","11":"shipping-taxable","12":"purchasable","13":"product-type-simple"},"yoast_head":"<!-- This site is optimized with the Yoast SEO plugin v27.4 - https:\/\/yoast.com\/product\/yoast-seo-wordpress\/ -->\n<title>Belt for black Savarez hurdy-gurdy - Cordiola<\/title>\n<meta name=\"robots\" content=\"index, follow, max-snippet:-1, max-image-preview:large, max-video-preview:-1\" \/>\n<link rel=\"canonical\" href=\"https:\/\/www.cordiola.fr\/en\/nos-produits\/belt-for-black-savarez-hurdy-gurdy\/\" \/>\n<meta property=\"og:locale\" content=\"en_US\" \/>\n<meta property=\"og:type\" content=\"article\" \/>\n<meta property=\"og:title\" content=\"Belt for black Savarez hurdy-gurdy - Cordiola\" \/>\n<meta property=\"og:description\" content=\"Discover the black nylon hurdy-gurdy strap with elegant black leather ends, proudly bearing the Savarez insignia. Meticulously crafted by Dr\u00f4me artisan Patrick Bl\u00e9s\u00e8s, this strap embodies the essence of French art. Designed to combine durability and flexibility, this 5cm wide strap adjusts fluidly from 80cm to 134cm, adapting to musicians of all sizes and preferences. Whether you&#039;re a seasoned artist or a budding enthusiast, rest assured that your instrument will be held securely and elegantly.\" \/>\n<meta property=\"og:url\" content=\"https:\/\/www.cordiola.fr\/en\/nos-produits\/belt-for-black-savarez-hurdy-gurdy\/\" \/>\n<meta property=\"og:site_name\" content=\"Cordiola\" \/>\n<meta property=\"article:modified_time\" content=\"2026-01-29T14:28:48+00:00\" \/>\n<meta property=\"og:image\" content=\"https:\/\/www.cordiola.fr\/wp-content\/uploads\/2024\/02\/IMG_E0016-scaled.jpg\" \/>\n\t<meta property=\"og:image:width\" content=\"2560\" \/>\n\t<meta property=\"og:image:height\" content=\"2560\" \/>\n\t<meta property=\"og:image:type\" content=\"image\/jpeg\" \/>\n<meta name=\"twitter:card\" content=\"summary_large_image\" \/>\n<script type=\"application\/ld+json\" class=\"yoast-schema-graph\">{\"@context\":\"https:\\\/\\\/schema.org\",\"@graph\":[{\"@type\":\"WebPage\",\"@id\":\"https:\\\/\\\/www.cordiola.fr\\\/en\\\/nos-produits\\\/belt-for-black-savarez-hurdy-gurdy\\\/\",\"url\":\"https:\\\/\\\/www.cordiola.fr\\\/en\\\/nos-produits\\\/belt-for-black-savarez-hurdy-gurdy\\\/\",\"name\":\"Belt for black Savarez hurdy-gurdy - Cordiola\",\"isPartOf\":{\"@id\":\"https:\\\/\\\/www.cordiola.fr\\\/en\\\/#website\"},\"primaryImageOfPage\":{\"@id\":\"https:\\\/\\\/www.cordiola.fr\\\/en\\\/nos-produits\\\/belt-for-black-savarez-hurdy-gurdy\\\/#primaryimage\"},\"image\":{\"@id\":\"https:\\\/\\\/www.cordiola.fr\\\/en\\\/nos-produits\\\/belt-for-black-savarez-hurdy-gurdy\\\/#primaryimage\"},\"thumbnailUrl\":\"https:\\\/\\\/www.cordiola.fr\\\/wp-content\\\/uploads\\\/2024\\\/02\\\/IMG_E0016-scaled.jpg\",\"datePublished\":\"2024-02-29T15:59:52+00:00\",\"dateModified\":\"2026-01-29T14:28:48+00:00\",\"breadcrumb\":{\"@id\":\"https:\\\/\\\/www.cordiola.fr\\\/en\\\/nos-produits\\\/belt-for-black-savarez-hurdy-gurdy\\\/#breadcrumb\"},\"inLanguage\":\"en-US\",\"potentialAction\":[{\"@type\":\"ReadAction\",\"target\":[\"https:\\\/\\\/www.cordiola.fr\\\/en\\\/nos-produits\\\/belt-for-black-savarez-hurdy-gurdy\\\/\"]}]},{\"@type\":\"ImageObject\",\"inLanguage\":\"en-US\",\"@id\":\"https:\\\/\\\/www.cordiola.fr\\\/en\\\/nos-produits\\\/belt-for-black-savarez-hurdy-gurdy\\\/#primaryimage\",\"url\":\"https:\\\/\\\/www.cordiola.fr\\\/wp-content\\\/uploads\\\/2024\\\/02\\\/IMG_E0016-scaled.jpg\",\"contentUrl\":\"https:\\\/\\\/www.cordiola.fr\\\/wp-content\\\/uploads\\\/2024\\\/02\\\/IMG_E0016-scaled.jpg\",\"width\":2560,\"height\":2560},{\"@type\":\"BreadcrumbList\",\"@id\":\"https:\\\/\\\/www.cordiola.fr\\\/en\\\/nos-produits\\\/belt-for-black-savarez-hurdy-gurdy\\\/#breadcrumb\",\"itemListElement\":[{\"@type\":\"ListItem\",\"position\":1,\"name\":\"Accueil\",\"item\":\"https:\\\/\\\/www.cordiola.fr\\\/en\\\/\"},{\"@type\":\"ListItem\",\"position\":2,\"name\":\"Our products\",\"item\":\"https:\\\/\\\/www.cordiola.fr\\\/nos-produits\\\/\"},{\"@type\":\"ListItem\",\"position\":3,\"name\":\"Belt for black Savarez hurdy-gurdy\"}]},{\"@type\":\"WebSite\",\"@id\":\"https:\\\/\\\/www.cordiola.fr\\\/en\\\/#website\",\"url\":\"https:\\\/\\\/www.cordiola.fr\\\/en\\\/\",\"name\":\"Cordiola\",\"description\":\"\",\"potentialAction\":[{\"@type\":\"SearchAction\",\"target\":{\"@type\":\"EntryPoint\",\"urlTemplate\":\"https:\\\/\\\/www.cordiola.fr\\\/en\\\/?s={search_term_string}\"},\"query-input\":{\"@type\":\"PropertyValueSpecification\",\"valueRequired\":true,\"valueName\":\"search_term_string\"}}],\"inLanguage\":\"en-US\"}]}<\/script>\n<!-- \/ Yoast SEO plugin. -->","yoast_head_json":{"title":"Belt for black Savarez hurdy-gurdy - Cordiola","robots":{"index":"index","follow":"follow","max-snippet":"max-snippet:-1","max-image-preview":"max-image-preview:large","max-video-preview":"max-video-preview:-1"},"canonical":"https:\/\/www.cordiola.fr\/en\/nos-produits\/belt-for-black-savarez-hurdy-gurdy\/","og_locale":"en_US","og_type":"article","og_title":"Belt for black Savarez hurdy-gurdy - Cordiola","og_description":"Discover the black nylon hurdy-gurdy strap with elegant black leather ends, proudly bearing the Savarez insignia. Meticulously crafted by Dr\u00f4me artisan Patrick Bl\u00e9s\u00e8s, this strap embodies the essence of French art. Designed to combine durability and flexibility, this 5cm wide strap adjusts fluidly from 80cm to 134cm, adapting to musicians of all sizes and preferences. Whether you're a seasoned artist or a budding enthusiast, rest assured that your instrument will be held securely and elegantly.","og_url":"https:\/\/www.cordiola.fr\/en\/nos-produits\/belt-for-black-savarez-hurdy-gurdy\/","og_site_name":"Cordiola","article_modified_time":"2026-01-29T14:28:48+00:00","og_image":[{"width":2560,"height":2560,"url":"https:\/\/www.cordiola.fr\/wp-content\/uploads\/2024\/02\/IMG_E0016-scaled.jpg","type":"image\/jpeg"}],"twitter_card":"summary_large_image","schema":{"@context":"https:\/\/schema.org","@graph":[{"@type":"WebPage","@id":"https:\/\/www.cordiola.fr\/en\/nos-produits\/belt-for-black-savarez-hurdy-gurdy\/","url":"https:\/\/www.cordiola.fr\/en\/nos-produits\/belt-for-black-savarez-hurdy-gurdy\/","name":"Belt for black Savarez hurdy-gurdy - Cordiola","isPartOf":{"@id":"https:\/\/www.cordiola.fr\/en\/#website"},"primaryImageOfPage":{"@id":"https:\/\/www.cordiola.fr\/en\/nos-produits\/belt-for-black-savarez-hurdy-gurdy\/#primaryimage"},"image":{"@id":"https:\/\/www.cordiola.fr\/en\/nos-produits\/belt-for-black-savarez-hurdy-gurdy\/#primaryimage"},"thumbnailUrl":"https:\/\/www.cordiola.fr\/wp-content\/uploads\/2024\/02\/IMG_E0016-scaled.jpg","datePublished":"2024-02-29T15:59:52+00:00","dateModified":"2026-01-29T14:28:48+00:00","breadcrumb":{"@id":"https:\/\/www.cordiola.fr\/en\/nos-produits\/belt-for-black-savarez-hurdy-gurdy\/#breadcrumb"},"inLanguage":"en-US","potentialAction":[{"@type":"ReadAction","target":["https:\/\/www.cordiola.fr\/en\/nos-produits\/belt-for-black-savarez-hurdy-gurdy\/"]}]},{"@type":"ImageObject","inLanguage":"en-US","@id":"https:\/\/www.cordiola.fr\/en\/nos-produits\/belt-for-black-savarez-hurdy-gurdy\/#primaryimage","url":"https:\/\/www.cordiola.fr\/wp-content\/uploads\/2024\/02\/IMG_E0016-scaled.jpg","contentUrl":"https:\/\/www.cordiola.fr\/wp-content\/uploads\/2024\/02\/IMG_E0016-scaled.jpg","width":2560,"height":2560},{"@type":"BreadcrumbList","@id":"https:\/\/www.cordiola.fr\/en\/nos-produits\/belt-for-black-savarez-hurdy-gurdy\/#breadcrumb","itemListElement":[{"@type":"ListItem","position":1,"name":"Accueil","item":"https:\/\/www.cordiola.fr\/en\/"},{"@type":"ListItem","position":2,"name":"Our products","item":"https:\/\/www.cordiola.fr\/nos-produits\/"},{"@type":"ListItem","position":3,"name":"Belt for black Savarez hurdy-gurdy"}]},{"@type":"WebSite","@id":"https:\/\/www.cordiola.fr\/en\/#website","url":"https:\/\/www.cordiola.fr\/en\/","name":"Cordiola","description":"","potentialAction":[{"@type":"SearchAction","target":{"@type":"EntryPoint","urlTemplate":"https:\/\/www.cordiola.fr\/en\/?s={search_term_string}"},"query-input":{"@type":"PropertyValueSpecification","valueRequired":true,"valueName":"search_term_string"}}],"inLanguage":"en-US"}]}},"_links":{"self":[{"href":"https:\/\/www.cordiola.fr\/en\/wp-json\/wp\/v2\/product\/2905","targetHints":{"allow":["GET"]}}],"collection":[{"href":"https:\/\/www.cordiola.fr\/en\/wp-json\/wp\/v2\/product"}],"about":[{"href":"https:\/\/www.cordiola.fr\/en\/wp-json\/wp\/v2\/types\/product"}],"wp:featuredmedia":[{"embeddable":true,"href":"https:\/\/www.cordiola.fr\/en\/wp-json\/wp\/v2\/media\/2726"}],"wp:attachment":[{"href":"https:\/\/www.cordiola.fr\/en\/wp-json\/wp\/v2\/media?parent=2905"}],"wp:term":[{"taxonomy":"product_brand","embeddable":true,"href":"https:\/\/www.cordiola.fr\/en\/wp-json\/wp\/v2\/product_brand?post=2905"},{"taxonomy":"product_cat","embeddable":true,"href":"https:\/\/www.cordiola.fr\/en\/wp-json\/wp\/v2\/product_cat?post=2905"},{"taxonomy":"product_tag","embeddable":true,"href":"https:\/\/www.cordiola.fr\/en\/wp-json\/wp\/v2\/product_tag?post=2905"}],"curies":[{"name":"wp","href":"https:\/\/api.w.org\/{rel}","templated":true}]}}