{"id":6084,"date":"2026-02-20T13:08:50","date_gmt":"2026-02-20T12:08:50","guid":{"rendered":"https:\/\/www.cordiola.fr\/?post_type=product&#038;p=6084"},"modified":"2026-02-20T13:13:52","modified_gmt":"2026-02-20T12:13:52","slug":"complete-set-of-corelli-solea-strings-for-viola-high-tension-630f","status":"publish","type":"product","link":"https:\/\/www.cordiola.fr\/en\/nos-produits\/complete-set-of-corelli-solea-strings-for-viola-high-tension-630f\/","title":{"rendered":"Complete set of Corelli Sol\u00e9a strings for viola, high tension 630F"},"content":{"rendered":"","protected":false},"excerpt":{"rendered":"<p><b><span style=\"font-size: 18.0pt;\">Viola String Set Corelli Sol\u00e9a<br data-start=\"30\" data-end=\"33\" \/><\/span><\/b><br \/>\nThe Corelli Sol\u00e9a viola string set benefits from the latest technological advances developed by Savarez. It combines an innovative blend of metals with a multifilament synthetic core (specific polymer), whose elasticity and density have been carefully engineered to optimize tonal quality and playing comfort.<\/p>\n<p data-start=\"344\" data-end=\"588\"><b><span style=\"font-size: 13.5pt;\">Advanced Technology Serving the Musician<\/span><\/b><br data-start=\"384\" data-end=\"387\" \/>The result of several years of research, the new raw materials developed by Savarez have made it possible to create unique string textures that meet the increasingly demanding expectations of violists.<\/p>\n<p data-start=\"590\" data-end=\"786\">The double layers of innovative materials surrounding the synthetic core ensure:<br data-start=\"670\" data-end=\"673\" \/>\u2022 Excellent stability<br data-start=\"694\" data-end=\"697\" \/>\u2022 Quick response under the bow<br data-start=\"727\" data-end=\"730\" \/>\u2022 Controlled projection<br data-start=\"753\" data-end=\"756\" \/>\u2022 Balanced harmonic richness<\/p>\n<p data-start=\"788\" data-end=\"963\"><b><span style=\"font-size: 13.5pt;\">Comfort and Precision Under the Bow<\/span><\/b><br data-start=\"823\" data-end=\"826\" \/>Under the bow, Corelli Sol\u00e9a strings offer a smooth and supple feel, while maintaining perfectly calibrated resistance under the fingers.<\/p>\n<p data-start=\"965\" data-end=\"1146\">This optimized tension provides:<br data-start=\"997\" data-end=\"1000\" \/>\u2022 Fast response<br data-start=\"1015\" data-end=\"1018\" \/>\u2022 Ease of tonal shading and articulation<br data-start=\"1058\" data-end=\"1061\" \/>\u2022 Smooth sound production from pianissimo to fortissimo<br data-start=\"1116\" data-end=\"1119\" \/>\u2022 Precise dynamic control<\/p>\n<p data-start=\"1148\" data-end=\"1364\"><b><span style=\"font-size: 13.5pt;\">Homogeneity and Tonal Balance<\/span><\/b><br data-start=\"1177\" data-end=\"1180\" \/>The set\u2019s homogeneity is immediately noticeable when moving from one string to another. The sound remains consistent in volume, density, and harmonic richness, even in lower positions.<\/p>\n<p data-start=\"1366\" data-end=\"1488\" data-is-last-node=\"\" data-is-only-node=\"\"><b><span style=\"font-size: 13.5pt;\">Additional Information<\/span><\/b><br data-start=\"1388\" data-end=\"1391\" \/>\u2022 Strings are also available individually<br data-start=\"1432\" data-end=\"1435\" \/>\u2022 <b>Can be used as a chanterelle string for hurdy-gurdy<\/b><\/p>\n<p>Questions about your strings: \u201cADVICE SHEET\u201d.<\/p>\n","protected":false},"featured_media":6060,"template":"","meta":[],"product_brand":[],"product_cat":[84,86,71,89],"product_tag":[],"class_list":{"0":"post-6084","1":"product","2":"type-product","3":"status-publish","4":"has-post-thumbnail","6":"product_cat-chanterelle-mouche-and-trompette","7":"product_cat-corelli-crystal-violin-viola","8":"product_cat-hurdy-gurdy-strings","9":"product_cat-non-classe-en","10":"product_shipping_class-cordes-en","12":"first","13":"instock","14":"taxable","15":"shipping-taxable","16":"purchasable","17":"product-type-simple"},"yoast_head":"<!-- This site is optimized with the Yoast SEO plugin v27.4 - https:\/\/yoast.com\/product\/yoast-seo-wordpress\/ -->\n<title>Complete set of Corelli Sol\u00e9a strings for viola, high tension 630F - Cordiola<\/title>\n<meta name=\"robots\" content=\"index, follow, max-snippet:-1, max-image-preview:large, max-video-preview:-1\" \/>\n<link rel=\"canonical\" href=\"https:\/\/www.cordiola.fr\/en\/nos-produits\/complete-set-of-corelli-solea-strings-for-viola-high-tension-630f\/\" \/>\n<meta property=\"og:locale\" content=\"en_US\" \/>\n<meta property=\"og:type\" content=\"article\" \/>\n<meta property=\"og:title\" content=\"Complete set of Corelli Sol\u00e9a strings for viola, high tension 630F - Cordiola\" \/>\n<meta property=\"og:description\" content=\"Viola String Set Corelli Sol\u00e9a The Corelli Sol\u00e9a viola string set benefits from the latest technological advances developed by Savarez. It combines an innovative blend of metals with a multifilament synthetic core (specific polymer), whose elasticity and density have been carefully engineered to optimize tonal quality and playing comfort. Advanced Technology Serving the MusicianThe result of several years of research, the new raw materials developed by Savarez have made it possible to create unique string textures that meet the increasingly demanding expectations of violists. The double layers of innovative materials surrounding the synthetic core ensure:\u2022 Excellent stability\u2022 Quick response under the bow\u2022 Controlled projection\u2022 Balanced harmonic richness Comfort and Precision Under the BowUnder the bow, Corelli Sol\u00e9a strings offer a smooth and supple feel, while maintaining perfectly calibrated resistance under the fingers. This optimized tension provides:\u2022 Fast response\u2022 Ease of tonal shading and articulation\u2022 Smooth sound production from pianissimo to fortissimo\u2022 Precise dynamic control Homogeneity and Tonal BalanceThe set\u2019s homogeneity is immediately noticeable when moving from one string to another. The sound remains consistent in volume, density, and harmonic richness, even in lower positions. Additional Information\u2022 Strings are also available individually\u2022 Can be used as a chanterelle string for hurdy-gurdy Questions about your strings: \u201cADVICE SHEET\u201d.\" \/>\n<meta property=\"og:url\" content=\"https:\/\/www.cordiola.fr\/en\/nos-produits\/complete-set-of-corelli-solea-strings-for-viola-high-tension-630f\/\" \/>\n<meta property=\"og:site_name\" content=\"Cordiola\" \/>\n<meta property=\"article:modified_time\" content=\"2026-02-20T12:13:52+00:00\" \/>\n<meta property=\"og:image\" content=\"https:\/\/www.cordiola.fr\/wp-content\/uploads\/2026\/02\/IMG_0850-removebg-preview.png\" \/>\n\t<meta property=\"og:image:width\" content=\"507\" \/>\n\t<meta property=\"og:image:height\" content=\"492\" \/>\n\t<meta property=\"og:image:type\" content=\"image\/png\" \/>\n<meta name=\"twitter:card\" content=\"summary_large_image\" \/>\n<meta name=\"twitter:label1\" content=\"Est. reading time\" \/>\n\t<meta name=\"twitter:data1\" content=\"1 minute\" \/>\n<script type=\"application\/ld+json\" class=\"yoast-schema-graph\">{\"@context\":\"https:\\\/\\\/schema.org\",\"@graph\":[{\"@type\":\"WebPage\",\"@id\":\"https:\\\/\\\/www.cordiola.fr\\\/en\\\/nos-produits\\\/complete-set-of-corelli-solea-strings-for-viola-high-tension-630f\\\/\",\"url\":\"https:\\\/\\\/www.cordiola.fr\\\/en\\\/nos-produits\\\/complete-set-of-corelli-solea-strings-for-viola-high-tension-630f\\\/\",\"name\":\"Complete set of Corelli Sol\u00e9a strings for viola, high tension 630F - Cordiola\",\"isPartOf\":{\"@id\":\"https:\\\/\\\/www.cordiola.fr\\\/en\\\/#website\"},\"primaryImageOfPage\":{\"@id\":\"https:\\\/\\\/www.cordiola.fr\\\/en\\\/nos-produits\\\/complete-set-of-corelli-solea-strings-for-viola-high-tension-630f\\\/#primaryimage\"},\"image\":{\"@id\":\"https:\\\/\\\/www.cordiola.fr\\\/en\\\/nos-produits\\\/complete-set-of-corelli-solea-strings-for-viola-high-tension-630f\\\/#primaryimage\"},\"thumbnailUrl\":\"https:\\\/\\\/www.cordiola.fr\\\/wp-content\\\/uploads\\\/2026\\\/02\\\/IMG_0850-removebg-preview.png\",\"datePublished\":\"2026-02-20T12:08:50+00:00\",\"dateModified\":\"2026-02-20T12:13:52+00:00\",\"breadcrumb\":{\"@id\":\"https:\\\/\\\/www.cordiola.fr\\\/en\\\/nos-produits\\\/complete-set-of-corelli-solea-strings-for-viola-high-tension-630f\\\/#breadcrumb\"},\"inLanguage\":\"en-US\",\"potentialAction\":[{\"@type\":\"ReadAction\",\"target\":[\"https:\\\/\\\/www.cordiola.fr\\\/en\\\/nos-produits\\\/complete-set-of-corelli-solea-strings-for-viola-high-tension-630f\\\/\"]}]},{\"@type\":\"ImageObject\",\"inLanguage\":\"en-US\",\"@id\":\"https:\\\/\\\/www.cordiola.fr\\\/en\\\/nos-produits\\\/complete-set-of-corelli-solea-strings-for-viola-high-tension-630f\\\/#primaryimage\",\"url\":\"https:\\\/\\\/www.cordiola.fr\\\/wp-content\\\/uploads\\\/2026\\\/02\\\/IMG_0850-removebg-preview.png\",\"contentUrl\":\"https:\\\/\\\/www.cordiola.fr\\\/wp-content\\\/uploads\\\/2026\\\/02\\\/IMG_0850-removebg-preview.png\",\"width\":507,\"height\":492},{\"@type\":\"BreadcrumbList\",\"@id\":\"https:\\\/\\\/www.cordiola.fr\\\/en\\\/nos-produits\\\/complete-set-of-corelli-solea-strings-for-viola-high-tension-630f\\\/#breadcrumb\",\"itemListElement\":[{\"@type\":\"ListItem\",\"position\":1,\"name\":\"Accueil\",\"item\":\"https:\\\/\\\/www.cordiola.fr\\\/en\\\/\"},{\"@type\":\"ListItem\",\"position\":2,\"name\":\"Our products\",\"item\":\"https:\\\/\\\/www.cordiola.fr\\\/nos-produits\\\/\"},{\"@type\":\"ListItem\",\"position\":3,\"name\":\"Complete set of Corelli Sol\u00e9a strings for viola, high tension 630F\"}]},{\"@type\":\"WebSite\",\"@id\":\"https:\\\/\\\/www.cordiola.fr\\\/en\\\/#website\",\"url\":\"https:\\\/\\\/www.cordiola.fr\\\/en\\\/\",\"name\":\"Cordiola\",\"description\":\"\",\"potentialAction\":[{\"@type\":\"SearchAction\",\"target\":{\"@type\":\"EntryPoint\",\"urlTemplate\":\"https:\\\/\\\/www.cordiola.fr\\\/en\\\/?s={search_term_string}\"},\"query-input\":{\"@type\":\"PropertyValueSpecification\",\"valueRequired\":true,\"valueName\":\"search_term_string\"}}],\"inLanguage\":\"en-US\"}]}<\/script>\n<!-- \/ Yoast SEO plugin. -->","yoast_head_json":{"title":"Complete set of Corelli Sol\u00e9a strings for viola, high tension 630F - Cordiola","robots":{"index":"index","follow":"follow","max-snippet":"max-snippet:-1","max-image-preview":"max-image-preview:large","max-video-preview":"max-video-preview:-1"},"canonical":"https:\/\/www.cordiola.fr\/en\/nos-produits\/complete-set-of-corelli-solea-strings-for-viola-high-tension-630f\/","og_locale":"en_US","og_type":"article","og_title":"Complete set of Corelli Sol\u00e9a strings for viola, high tension 630F - Cordiola","og_description":"Viola String Set Corelli Sol\u00e9a The Corelli Sol\u00e9a viola string set benefits from the latest technological advances developed by Savarez. It combines an innovative blend of metals with a multifilament synthetic core (specific polymer), whose elasticity and density have been carefully engineered to optimize tonal quality and playing comfort. Advanced Technology Serving the MusicianThe result of several years of research, the new raw materials developed by Savarez have made it possible to create unique string textures that meet the increasingly demanding expectations of violists. The double layers of innovative materials surrounding the synthetic core ensure:\u2022 Excellent stability\u2022 Quick response under the bow\u2022 Controlled projection\u2022 Balanced harmonic richness Comfort and Precision Under the BowUnder the bow, Corelli Sol\u00e9a strings offer a smooth and supple feel, while maintaining perfectly calibrated resistance under the fingers. This optimized tension provides:\u2022 Fast response\u2022 Ease of tonal shading and articulation\u2022 Smooth sound production from pianissimo to fortissimo\u2022 Precise dynamic control Homogeneity and Tonal BalanceThe set\u2019s homogeneity is immediately noticeable when moving from one string to another. The sound remains consistent in volume, density, and harmonic richness, even in lower positions. Additional Information\u2022 Strings are also available individually\u2022 Can be used as a chanterelle string for hurdy-gurdy Questions about your strings: \u201cADVICE SHEET\u201d.","og_url":"https:\/\/www.cordiola.fr\/en\/nos-produits\/complete-set-of-corelli-solea-strings-for-viola-high-tension-630f\/","og_site_name":"Cordiola","article_modified_time":"2026-02-20T12:13:52+00:00","og_image":[{"width":507,"height":492,"url":"https:\/\/www.cordiola.fr\/wp-content\/uploads\/2026\/02\/IMG_0850-removebg-preview.png","type":"image\/png"}],"twitter_card":"summary_large_image","twitter_misc":{"Est. reading time":"1 minute"},"schema":{"@context":"https:\/\/schema.org","@graph":[{"@type":"WebPage","@id":"https:\/\/www.cordiola.fr\/en\/nos-produits\/complete-set-of-corelli-solea-strings-for-viola-high-tension-630f\/","url":"https:\/\/www.cordiola.fr\/en\/nos-produits\/complete-set-of-corelli-solea-strings-for-viola-high-tension-630f\/","name":"Complete set of Corelli Sol\u00e9a strings for viola, high tension 630F - Cordiola","isPartOf":{"@id":"https:\/\/www.cordiola.fr\/en\/#website"},"primaryImageOfPage":{"@id":"https:\/\/www.cordiola.fr\/en\/nos-produits\/complete-set-of-corelli-solea-strings-for-viola-high-tension-630f\/#primaryimage"},"image":{"@id":"https:\/\/www.cordiola.fr\/en\/nos-produits\/complete-set-of-corelli-solea-strings-for-viola-high-tension-630f\/#primaryimage"},"thumbnailUrl":"https:\/\/www.cordiola.fr\/wp-content\/uploads\/2026\/02\/IMG_0850-removebg-preview.png","datePublished":"2026-02-20T12:08:50+00:00","dateModified":"2026-02-20T12:13:52+00:00","breadcrumb":{"@id":"https:\/\/www.cordiola.fr\/en\/nos-produits\/complete-set-of-corelli-solea-strings-for-viola-high-tension-630f\/#breadcrumb"},"inLanguage":"en-US","potentialAction":[{"@type":"ReadAction","target":["https:\/\/www.cordiola.fr\/en\/nos-produits\/complete-set-of-corelli-solea-strings-for-viola-high-tension-630f\/"]}]},{"@type":"ImageObject","inLanguage":"en-US","@id":"https:\/\/www.cordiola.fr\/en\/nos-produits\/complete-set-of-corelli-solea-strings-for-viola-high-tension-630f\/#primaryimage","url":"https:\/\/www.cordiola.fr\/wp-content\/uploads\/2026\/02\/IMG_0850-removebg-preview.png","contentUrl":"https:\/\/www.cordiola.fr\/wp-content\/uploads\/2026\/02\/IMG_0850-removebg-preview.png","width":507,"height":492},{"@type":"BreadcrumbList","@id":"https:\/\/www.cordiola.fr\/en\/nos-produits\/complete-set-of-corelli-solea-strings-for-viola-high-tension-630f\/#breadcrumb","itemListElement":[{"@type":"ListItem","position":1,"name":"Accueil","item":"https:\/\/www.cordiola.fr\/en\/"},{"@type":"ListItem","position":2,"name":"Our products","item":"https:\/\/www.cordiola.fr\/nos-produits\/"},{"@type":"ListItem","position":3,"name":"Complete set of Corelli Sol\u00e9a strings for viola, high tension 630F"}]},{"@type":"WebSite","@id":"https:\/\/www.cordiola.fr\/en\/#website","url":"https:\/\/www.cordiola.fr\/en\/","name":"Cordiola","description":"","potentialAction":[{"@type":"SearchAction","target":{"@type":"EntryPoint","urlTemplate":"https:\/\/www.cordiola.fr\/en\/?s={search_term_string}"},"query-input":{"@type":"PropertyValueSpecification","valueRequired":true,"valueName":"search_term_string"}}],"inLanguage":"en-US"}]}},"_links":{"self":[{"href":"https:\/\/www.cordiola.fr\/en\/wp-json\/wp\/v2\/product\/6084","targetHints":{"allow":["GET"]}}],"collection":[{"href":"https:\/\/www.cordiola.fr\/en\/wp-json\/wp\/v2\/product"}],"about":[{"href":"https:\/\/www.cordiola.fr\/en\/wp-json\/wp\/v2\/types\/product"}],"wp:featuredmedia":[{"embeddable":true,"href":"https:\/\/www.cordiola.fr\/en\/wp-json\/wp\/v2\/media\/6060"}],"wp:attachment":[{"href":"https:\/\/www.cordiola.fr\/en\/wp-json\/wp\/v2\/media?parent=6084"}],"wp:term":[{"taxonomy":"product_brand","embeddable":true,"href":"https:\/\/www.cordiola.fr\/en\/wp-json\/wp\/v2\/product_brand?post=6084"},{"taxonomy":"product_cat","embeddable":true,"href":"https:\/\/www.cordiola.fr\/en\/wp-json\/wp\/v2\/product_cat?post=6084"},{"taxonomy":"product_tag","embeddable":true,"href":"https:\/\/www.cordiola.fr\/en\/wp-json\/wp\/v2\/product_tag?post=6084"}],"curies":[{"name":"wp","href":"https:\/\/api.w.org\/{rel}","templated":true}]}}